{"id":3635,"date":"2023-02-06T11:48:22","date_gmt":"2023-02-06T11:48:22","guid":{"rendered":"https:\/\/www.norprint.es\/aviso-legal\/"},"modified":"2023-02-06T11:48:22","modified_gmt":"2023-02-06T11:48:22","slug":"aviso-legal","status":"publish","type":"page","link":"https:\/\/www.norprint.es\/ca\/aviso-legal\/","title":{"rendered":"Aviso legal"},"content":{"rendered":"\t\t<div data-elementor-type=\"wp-page\" data-elementor-id=\"3635\" class=\"elementor elementor-3635 elementor-1565\">\n\t\t\t\t\t\t\t\t\t<section class=\"elementor-section elementor-top-section elementor-element elementor-element-88a6fa3 elementor-section-boxed elementor-section-height-default elementor-section-height-default\" data-id=\"88a6fa3\" data-element_type=\"section\" data-settings=\"{&quot;background_background&quot;:&quot;classic&quot;}\">\n\t\t\t\t\t\t<div class=\"elementor-container elementor-column-gap-default\">\n\t\t\t\t\t<div class=\"elementor-column elementor-col-100 elementor-top-column elementor-element elementor-element-d1fbd03\" data-id=\"d1fbd03\" data-element_type=\"column\">\n\t\t\t<div class=\"elementor-widget-wrap elementor-element-populated\">\n\t\t\t\t\t\t\t\t\t<\/div>\n\t\t<\/div>\n\t\t\t\t\t\t\t<\/div>\n\t\t<\/section>\n\t\t\t\t<section class=\"elementor-section elementor-top-section elementor-element elementor-element-f82fc46 elementor-section-boxed elementor-section-height-default elementor-section-height-default\" data-id=\"f82fc46\" data-element_type=\"section\" data-settings=\"{&quot;background_background&quot;:&quot;classic&quot;}\">\n\t\t\t\t\t\t<div class=\"elementor-container elementor-column-gap-default\">\n\t\t\t\t\t<div class=\"elementor-column elementor-col-100 elementor-top-column elementor-element elementor-element-e742742\" data-id=\"e742742\" data-element_type=\"column\">\n\t\t\t<div class=\"elementor-widget-wrap elementor-element-populated\">\n\t\t\t\t\t\t\t\t<div class=\"elementor-element elementor-element-be81867 elementor-widget elementor-widget-text-editor\" data-id=\"be81867\" data-element_type=\"widget\" data-widget_type=\"text-editor.default\">\n\t\t\t\t<div class=\"elementor-widget-container\">\n\t\t\t<style>\/*! elementor - v3.13.1 - 09-05-2023 *\/\n.elementor-widget-text-editor.elementor-drop-cap-view-stacked .elementor-drop-cap{background-color:#69727d;color:#fff}.elementor-widget-text-editor.elementor-drop-cap-view-framed .elementor-drop-cap{color:#69727d;border:3px solid;background-color:transparent}.elementor-widget-text-editor:not(.elementor-drop-cap-view-default) .elementor-drop-cap{margin-top:8px}.elementor-widget-text-editor:not(.elementor-drop-cap-view-default) .elementor-drop-cap-letter{width:1em;height:1em}.elementor-widget-text-editor .elementor-drop-cap{float:left;text-align:center;line-height:1;font-size:50px}.elementor-widget-text-editor .elementor-drop-cap-letter{display:inline-block}<\/style>\t\t\t\t<p>En cumplimiento con lo establecido en la Ley 34\/2002 de 11 de Julio, de Servicios de la Sociedad de la Informaci\u00f3n y el Comercio Electr\u00f3nico (LSSICE), se informa de los siguientes aspectos legales:<\/p><p><strong>PROPIEDAD DEL SITIO WEB<\/strong><\/p><table class=\"wp-block-table\" border=\"1px\"><tbody><tr><td><strong>Responsable:<\/strong><\/td><td>NORPRINT S.L.<\/td><\/tr><tr><td><strong>Nombre comercial:<\/strong><\/td><td>NORPRINT<\/td><\/tr><tr><td><strong>N.I.F.:<\/strong><\/td><td>C.I.F. B61285367<\/td><\/tr><tr><td><strong>Direcci\u00f3n:<\/strong><\/td><td>C\/ Muntaner, 279 Entres\u00f2l 3a. 08201, BARCELONA (Barcelona), Espa\u00f1a<\/td><\/tr><tr><td><strong>Contacto:<\/strong><\/td><td>Tel. 932 402 102 \u2013 Email: nforcada@norprint.es<\/td><\/tr><tr><td><strong>Registro mercantil o autorizaci\u00f3n administrativa:<\/strong><\/td><\/tr><tr><td><strong>Actividad:<\/strong><\/td><td>SERVICIOS INTEGRALES DE IMPRENTA<\/td><\/tr><\/tbody><\/table><p>\u00a0<\/p><p><strong>CONDICIONES GENERALES DE USO<\/strong><\/p><p>El portal web http:\/\/www.norprint.es\/ tiene como objeto facilitar al p\u00fablico, en general, el conocimiento de las actividades que esta organizaci\u00f3n realiza y de los productos y servicios que presta, para el desarrollo de su actividad.<\/p><p>El uso de cualquiera de las funcionalidades del sitio Web implica la expresa y plena aceptaci\u00f3n de las condiciones aqu\u00ed expuestas, sin perjuicio de aquellas particulares que pudieran aplicarse a algunos de los servicios concretos ofrecidos a trav\u00e9s del sitio Web.<\/p><p>NORPRINT se reserva la facultad de efectuar, en cualquier momento y sin necesidad de previo aviso, modificaciones y actualizaciones de la informaci\u00f3n contenida en su Web o en la configuraci\u00f3n y presentaci\u00f3n de \u00e9sta.<\/p><p>Con el objeto de mantener actualizada la informaci\u00f3n publicada el portal Web, los contenidos del mismo podr\u00e1n ser modificados, corregidos, eliminados o a\u00f1adidos en cualquier momento, por lo que ser\u00e1 conveniente comprobar la vigencia o exactitud de los mismos acudiendo a las fuentes oficiales.<\/p><p>\u00a0<\/p><p><strong>PROPIEDAD INTELECTUAL, INDUSTRIAL Y FRAMES<\/strong><\/p><p>Todos los elementos que forman el sitio Web, as\u00ed como su estructura, dise\u00f1o, c\u00f3digo fuente, as\u00ed como los logos, marcas y dem\u00e1s signos distintivos que aparecen en la misma, son titularidad de NORPRINT o de sus colaboradores y est\u00e1n protegidos por los correspondientes derechos de propiedad intelectual e industrial.<\/p><p>Igualmente est\u00e1n protegidos por los correspondientes derechos de propiedad intelectual e industrial las im\u00e1genes y otros elementos gr\u00e1ficos contenidos en el sitio Web.<\/p><p>NORPRINT proh\u00edbe expresamente la realizaci\u00f3n de \u201cframing\u201d o la utilizaci\u00f3n por parte de terceros de cualesquiera otros mecanismos que alteren el dise\u00f1o, configuraci\u00f3n original o contenidos de nuestro sitio Web.<\/p><p>El uso de los contenidos deber\u00e1 respetar su licenciamiento particular. De tal modo su uso, reproducci\u00f3n, distribuci\u00f3n, comunicaci\u00f3n p\u00fablica, transformaci\u00f3n o cualquier otra actividad similar o an\u00e1loga, queda totalmente prohibida salvo que medie previa y expresa autorizaci\u00f3n de NORPRINT.<\/p><p>\u00danicamente se autoriza la reproducci\u00f3n total o parcial de los textos y contenidos proporcionados por el sitio Web, siempre que concurran todas y cada una de las siguientes condiciones:<\/p><ol><li>Se mantenga la integridad de los contenidos, documentos o gr\u00e1ficos.<\/li><li>Se cite expresamente a NORPRINT como fuente y origen de aquellos.<\/li><li>El prop\u00f3sito y la finalidad de tal uso sea compatible con los fines de la Web y\/o actividad de NORPRINT.<\/li><li>No se pretenda un uso comercial, quedando expresamente prohibidas su distribuci\u00f3n, comunicaci\u00f3n p\u00fablica, transformaci\u00f3n o descompilaci\u00f3n.<\/li><\/ol><p>Cualquier otro uso habr\u00e1 de ser comunicado y autorizado por NORPRINT, previa y expresamente.<\/p><p>Respecto a las citas de productos y servicios de terceros, NORPRINT reconoce a favor de sus titulares los correspondientes derechos de propiedad industrial e intelectual, no implicando su sola menci\u00f3n o aparici\u00f3n en la Web la existencia de derechos ni de responsabilidad alguna sobre los mismos, como tampoco respaldo, patrocinio o recomendaci\u00f3n.<\/p><p>NORPRINT declara su respeto a los derechos de propiedad intelectual e industrial de terceros; por ello, si considera que nuestro sitio Web pudieran estar violando sus derechos, rogamos se ponga en contacto con NORPRINT.<\/p><p>\u00a0<\/p><p><strong>RESPONSABILIDAD<\/strong><\/p><p>NORPRINT no garantiza la inexistencia de errores en el acceso a la Web, en su contenido, ni que \u00e9ste se encuentre actualizado, aunque NORPRINT desarrollar\u00e1 sus mejores esfuerzos para, en su caso, evitarlos, subsanarlos o actualizarlos.<\/p><p>Tanto el acceso al sitio Web de NORPRINT, como el uso que pueda hacerse de la informaci\u00f3n contenida en los mismos es de la exclusiva responsabilidad de quien lo realiza.<\/p><p>NORPRINT no se hace responsable de la informaci\u00f3n y contenidos almacenados, a t\u00edtulo enunciativo pero no limitativo, en foros, chats, blogs, comentarios, redes sociales o cualesquiera otro medio que permita a terceros publicar contenidos de la forma independiente en la p\u00e1gina Web de NORPRINT.<\/p><p>No obstante y en cumplimiento de lo dispuesto en la LSSI, NORPRINT se pone a disposici\u00f3n de todos los usuarios, autoridades y fuerzas de seguridad, y colaborando de forma activa en la retirada o en su caso bloqueo de todos aquellos contenidos que pudieran afectar o contravenir la legislaci\u00f3n nacional, o internacional, derechos de terceros o la moral y el orden p\u00fablico. En caso de que el usuario considere que existe en el sitio web alg\u00fan contenido que pudiera ser susceptible de esta clasificaci\u00f3n, rogamos se ponga en contaco con NORPRINT.<\/p><p>NORPRINT no se responsabiliza de las contestaciones que se realicen a trav\u00e9s de las distintas direcciones de correo electr\u00f3nico que aparecen en su sitio Web, por lo que en ning\u00fan caso podr\u00e1 derivarse efecto jur\u00eddico vinculante de las mismas.<\/p><p>\u00a0<\/p><p><strong>LINKS O HIPERENLACES<\/strong><\/p><p>Los enlaces contenidos en nuestro sitio Web pueden dirigir a contenidos Web de terceros. El objetivo de dichos enlaces es \u00fanicamente facilitarle la b\u00fasqueda de los recursos que le puedan interesar a trav\u00e9s de Internet. No obstante, dichas p\u00e1ginas no pertenecen a NORPRINT, ni hace una revisi\u00f3n de sus contenidos y, por ello, NORPRINT no asume ninguna responsabilidad por el contenido, informaciones o servicios que pudieran aparecer en dichos sitios, que tendr\u00e1n exclusivamente car\u00e1cter informativo y que en ning\u00fan caso implican relaci\u00f3n alguna entre NORPRINT y las personas o entidades titulares de tales contenidos o titulares de otros sitios donde se encuentren. NORPRINT tampoco puede hacerse responsable del funcionamiento de la p\u00e1gina enlazada o de los posibles da\u00f1os que puedan derivarse del acceso o uso de la misma.<\/p><p>Los enlaces al sitio Web de NORPRINT deber\u00e1n respetar las siguientes condiciones:<\/p><ol><li>El establecimiento del enlace no supondr\u00e1 ning\u00fan tipo de acuerdo, contrato, patrocinio ni recomendaci\u00f3n por parte de NORPRINT de la p\u00e1gina que realiza el enlace.<\/li><li>La p\u00e1gina Web en la que se establezca el hiperenlace no contendr\u00e1 informaciones con contenidos que sean il\u00edcitos, discriminatorios, contrarios a los principios.<\/li><li>NORPRINT podr\u00e1 solicitar que se retire un enlace a su Web, sin necesidad de alegar causa alguna. En tal caso, la p\u00e1gina que haya realizado el enlace deber\u00e1 proceder a su inmediata supresi\u00f3n, tan pronto como reciba la notificaci\u00f3n de NORPRINT.<\/li><li>Norprint no se responsabiliza de modo alguno ni garantiza la claridad, exactitud, fiabilidad, correcci\u00f3n o moralidad de contenidos o servicios que el establecimiento del hiperenlace pueda ofrecer. El usuario asume bajo su exclusiva responsabilidad las consecuencias, da\u00f1os o acciones que pudieran derivarse del acceso a la p\u00e1gina Web del hiperenlace.<\/li><li>La p\u00e1gina Web en la que se establezca el hiperenlace no podr\u00e1 contener marca, denominaci\u00f3n, logotipo, eslogan u otros signos distintivos pertenecientes a NORPRINT excepto aquellos signos que formen parte del mismo hiperenlace.<\/li><\/ol><p>\u00a0<\/p><p><strong>PROTECCI\u00d3N DE DATOS PERSONALES<\/strong><\/p><p>Los datos personales solicitados para la prestaci\u00f3n de nuestros servicios se incluyen en ficheros sometidos a lo dispuesto en la Ley Org\u00e1nica de Protecci\u00f3n de Datos 15\/1999 (LOPD) y en el Real Decreto 1720\/2007, de 21 de diciembre, por el que se aprueba el reglamento de desarrollo de la misma (RLOPD) y el Reglamento General de Protecci\u00f3n de Datos de la Uni\u00f3n Europea (UE 2016\/679 GDPR).<\/p><p>La recogida y tratamiento de dichos datos se llevan a cabo por NORPRINT, y tienen por finalidad la gesti\u00f3n, prestaci\u00f3n, ampliaci\u00f3n y mejora de los servicios solicitados en cada momento por el usuario, el seguimiento de consultas, participaci\u00f3n en procesos de selecci\u00f3n de personal, comunicaciones electr\u00f3nicas y\/o la confecci\u00f3n de estad\u00edsticas .<\/p><p>Los servicios prestados por NORPRINT est\u00e1n dirigidos a mayores de 14 a\u00f1os. En el supuesto excepcional de que se desarrollara alg\u00fan servicio dirigido espec\u00edficamente a menores de dicha edad, NORPRINT solicitar\u00e1 la conformidad de los padres o tutores para la recogida de los datos personales o, en su caso, para el tratamiento de los mismos.<\/p><p>NORPRINT se compromete al cumplimiento de su obligaci\u00f3n de secreto con respecto a los datos de car\u00e1cter personal suministrados y al deber de tratarlos con confidencialidad y reserva, conforme a la legislaci\u00f3n vigente. A estos efectos adoptar\u00e1 las medidas necesarias para evitar su alteraci\u00f3n, p\u00e9rdida, tratamiento o acceso no autorizado.<\/p><p>\u00a0<\/p><p><strong>DERECHOS DE LOS INTERESADOS<\/strong><\/p><p>La normativa vigente de protecci\u00f3n de datos le ampara en una serie de derechos en relaci\u00f3n al uso que le damos a sus datos. Todos y cada uno de sus derechos son unipersonales e intransferibles, es decir, que \u00fanicamente pueden ser realizados por el titular de los datos, previa comprobaci\u00f3n de su identidad.<\/p><p>A continuaci\u00f3n le indicamos cuales son los derechos que le asisten:<\/p><ul><li>Solicitar el ACCESO a sus datos personales<\/li><li>Solicitar la RECTIFICACION de sus datos<\/li><li>Solicitar la SUPRESI\u00d3N o eliminaci\u00f3n de sus datos (derecho al \u201colvido\u201d)<\/li><li>LIMITAR u OPONERSE al uso que le damos a sus datos<\/li><li>Derecho a la PORTABILIDAD de sus datos para casos de servicios de telecomunicaciones o internet.<\/li><li>Derecho a RETIRAR su consentimiento en cualquier momento<\/li><li>Derecho a presentar una RECLAMACI\u00d3N en materia de protecci\u00f3n de datos ante la Autoridad de Control: Agencia Espa\u00f1ola de Protecci\u00f3n de Datos<\/li><\/ul><p>\u00a0<\/p><p><strong>\u00bfC\u00f3mo puede ejercer sus derechos en relaci\u00f3n a sus datos?<\/strong><\/p><p>Para el ejercicio de sus derechos de acceso, rectificaci\u00f3n, supresi\u00f3n, limitaci\u00f3n u oposici\u00f3n, portabilidad y retirada de su consentimiento, puede hacerlo de la siguiente forma:<\/p><p>\u00a0<\/p><p><strong>CONTACTO COMERCIAL<\/strong><\/p><ul><li><strong>Responsable:<\/strong>\u00a0NORPRINT S.L<\/li><li><strong>Direcci\u00f3n:<\/strong>\u00a0C\/ Muntaner, 279 Entres\u00f2l 3a. 08201, BARCELONA (Barcelona), Espa\u00f1a<\/li><li><strong>Tel\u00e9fono:<\/strong>\u00a0932 402 102<\/li><li><strong>E-mail:<\/strong>\u00a0nforcada@norprint.es<\/li><li><strong>P\u00e1gina web:<\/strong>\u00a0http:\/\/www.norprint.es\/<\/li><\/ul><p>\u00a0<\/p><p><strong>\u00bfC\u00f3mo puede presentar una reclamaci\u00f3n?<\/strong><\/p><p>Adem\u00e1s de los derechos que le asisten, si cree que sus datos no se est\u00e1n recabando o tratando conforme a la normativa vigente de Protecci\u00f3n de Datos, usted podr\u00e1 realizar una reclamaci\u00f3n ante la Autoridad de Control, cuyos datos de contacto indicamos a continuaci\u00f3n:<\/p><p>\u00a0<\/p><p><strong>Agencia Espa\u00f1ola de Protecci\u00f3n de Datos<\/strong><\/p><p>C\/ Jorge Juan, 6. 28001, Madrid (Madrid), Espa\u00f1a<br \/>Email: info@agpd.es \u2013 Tel\u00e9fono: 912663517<br \/>Web: https:\/\/www.agpd.es<\/p><p>\u00a0<\/p><p><strong>LEY APLICABLE Y JURISDICCI\u00d3N<\/strong><\/p><p>La ley aplicable en caso de disputa o conflicto de interpretaci\u00f3n de los t\u00e9rminos que conforman este Aviso Legal, as\u00ed como cualquier cuesti\u00f3n relacionada con los servicios del presente Portal, ser\u00e1 la ley espa\u00f1ola.<\/p><p>Para la resoluci\u00f3n de cualquier conflicto que pueda surgir con ocasi\u00f3n de la visita al sitio Web o del uso de los servicios que en \u00e9l se puedan ofertar, NORPRINT y el Usuario acuerdan someterse a los Jueces y Tribunales de domicilio del Usuario, siempre que el mismo est\u00e9 situado en territorio espa\u00f1ol y act\u00fae en condici\u00f3n de consumidor. En caso contrario, la sumisi\u00f3n ser\u00e1 a los juzgados y tribunales de la ciudad de Barcelona, Espa\u00f1a.<\/p>\t\t\t\t\t\t<\/div>\n\t\t\t\t<\/div>\n\t\t\t\t<div class=\"elementor-element elementor-element-22f52a3 elementor-widget elementor-widget-spacer\" data-id=\"22f52a3\" data-element_type=\"widget\" data-widget_type=\"spacer.default\">\n\t\t\t\t<div class=\"elementor-widget-container\">\n\t\t\t<style>\/*! elementor - v3.13.1 - 09-05-2023 *\/\n.elementor-column .elementor-spacer-inner{height:var(--spacer-size)}.e-con{--container-widget-width:100%}.e-con-inner>.elementor-widget-spacer,.e-con>.elementor-widget-spacer{width:var(--container-widget-width,var(--spacer-size));--align-self:var(--container-widget-align-self,initial);--flex-shrink:0}.e-con-inner>.elementor-widget-spacer>.elementor-widget-container,.e-con-inner>.elementor-widget-spacer>.elementor-widget-container>.elementor-spacer,.e-con>.elementor-widget-spacer>.elementor-widget-container,.e-con>.elementor-widget-spacer>.elementor-widget-container>.elementor-spacer{height:100%}.e-con-inner>.elementor-widget-spacer>.elementor-widget-container>.elementor-spacer>.elementor-spacer-inner,.e-con>.elementor-widget-spacer>.elementor-widget-container>.elementor-spacer>.elementor-spacer-inner{height:var(--container-widget-height,var(--spacer-size))}<\/style>\t\t<div class=\"elementor-spacer\">\n\t\t\t<div class=\"elementor-spacer-inner\"><\/div>\n\t\t<\/div>\n\t\t\t\t<\/div>\n\t\t\t\t<\/div>\n\t\t\t\t\t<\/div>\n\t\t<\/div>\n\t\t\t\t\t\t\t<\/div>\n\t\t<\/section>\n\t\t\t\t\t\t\t<\/div>\n\t\t","protected":false},"excerpt":{"rendered":"<p>En cumplimiento con lo establecido en la Ley 34\/2002 de 11 de Julio, de Servicios de la Sociedad de la Informaci\u00f3n y el Comercio Electr\u00f3nico (LSSICE), se informa de los siguientes aspectos legales: PROPIEDAD DEL SITIO WEB Responsable: NORPRINT S.L. Nombre comercial: NORPRINT N.I.F.: C.I.F. B61285367 Direcci\u00f3n: C\/ Muntaner, 279 Entres\u00f2l 3a. 08201, BARCELONA (Barcelona), [&hellip;]<\/p>\n","protected":false},"author":2,"featured_media":0,"parent":0,"menu_order":0,"comment_status":"closed","ping_status":"closed","template":"","meta":[],"yoast_head":"<!-- This site is optimized with the Yoast SEO plugin v20.7 - https:\/\/yoast.com\/wordpress\/plugins\/seo\/ -->\n<title>Aviso legal | Norprint<\/title>\n<meta name=\"robots\" content=\"index, follow, max-snippet:-1, max-image-preview:large, max-video-preview:-1\" \/>\n<link rel=\"canonical\" href=\"https:\/\/www.norprint.es\/ca\/aviso-legal\/\" \/>\n<meta property=\"og:locale\" content=\"ca_ES\" \/>\n<meta property=\"og:type\" content=\"article\" \/>\n<meta property=\"og:title\" content=\"Aviso legal | Norprint\" \/>\n<meta property=\"og:description\" content=\"En cumplimiento con lo establecido en la Ley 34\/2002 de 11 de Julio, de Servicios de la Sociedad de la Informaci\u00f3n y el Comercio Electr\u00f3nico (LSSICE), se informa de los siguientes aspectos legales: PROPIEDAD DEL SITIO WEB Responsable: NORPRINT S.L. Nombre comercial: NORPRINT N.I.F.: C.I.F. B61285367 Direcci\u00f3n: C\/ Muntaner, 279 Entres\u00f2l 3a. 08201, BARCELONA (Barcelona), [&hellip;]\" \/>\n<meta property=\"og:url\" content=\"https:\/\/www.norprint.es\/ca\/aviso-legal\/\" \/>\n<meta property=\"og:site_name\" content=\"Norprint\" \/>\n<meta property=\"og:image\" content=\"https:\/\/www.norprint.es\/wp-content\/uploads\/2023\/01\/1-ENCUADERNACIONES-GRAPA.jpg\" \/>\n\t<meta property=\"og:image:width\" content=\"1200\" \/>\n\t<meta property=\"og:image:height\" content=\"900\" \/>\n\t<meta property=\"og:image:type\" content=\"image\/jpeg\" \/>\n<meta name=\"twitter:card\" content=\"summary_large_image\" \/>\n<script type=\"application\/ld+json\" class=\"yoast-schema-graph\">{\"@context\":\"https:\/\/schema.org\",\"@graph\":[{\"@type\":\"WebPage\",\"@id\":\"https:\/\/www.norprint.es\/ca\/aviso-legal\/\",\"url\":\"https:\/\/www.norprint.es\/ca\/aviso-legal\/\",\"name\":\"Aviso legal | Norprint\",\"isPartOf\":{\"@id\":\"https:\/\/www.norprint.es\/#website\"},\"datePublished\":\"2023-02-06T11:48:22+00:00\",\"dateModified\":\"2023-02-06T11:48:22+00:00\",\"breadcrumb\":{\"@id\":\"https:\/\/www.norprint.es\/ca\/aviso-legal\/#breadcrumb\"},\"inLanguage\":\"ca\",\"potentialAction\":[{\"@type\":\"ReadAction\",\"target\":[\"https:\/\/www.norprint.es\/ca\/aviso-legal\/\"]}]},{\"@type\":\"BreadcrumbList\",\"@id\":\"https:\/\/www.norprint.es\/ca\/aviso-legal\/#breadcrumb\",\"itemListElement\":[{\"@type\":\"ListItem\",\"position\":1,\"name\":\"Portada\",\"item\":\"https:\/\/www.norprint.es\/ca\/inici\/\"},{\"@type\":\"ListItem\",\"position\":2,\"name\":\"Aviso legal\"}]},{\"@type\":\"WebSite\",\"@id\":\"https:\/\/www.norprint.es\/#website\",\"url\":\"https:\/\/www.norprint.es\/\",\"name\":\"Norprint\",\"description\":\"Servicios integrales de imprenta\",\"publisher\":{\"@id\":\"https:\/\/www.norprint.es\/#organization\"},\"potentialAction\":[{\"@type\":\"SearchAction\",\"target\":{\"@type\":\"EntryPoint\",\"urlTemplate\":\"https:\/\/www.norprint.es\/?s={search_term_string}\"},\"query-input\":\"required name=search_term_string\"}],\"inLanguage\":\"ca\"},{\"@type\":\"Organization\",\"@id\":\"https:\/\/www.norprint.es\/#organization\",\"name\":\"Norprint\",\"url\":\"https:\/\/www.norprint.es\/\",\"logo\":{\"@type\":\"ImageObject\",\"inLanguage\":\"ca\",\"@id\":\"https:\/\/www.norprint.es\/#\/schema\/logo\/image\/\",\"url\":\"https:\/\/www.norprint.es\/wp-content\/uploads\/2023\/01\/Norprint_BLACK.svg\",\"contentUrl\":\"https:\/\/www.norprint.es\/wp-content\/uploads\/2023\/01\/Norprint_BLACK.svg\",\"width\":1200,\"height\":300,\"caption\":\"Norprint\"},\"image\":{\"@id\":\"https:\/\/www.norprint.es\/#\/schema\/logo\/image\/\"}}]}<\/script>\n<!-- \/ Yoast SEO plugin. -->","yoast_head_json":{"title":"Aviso legal | Norprint","robots":{"index":"index","follow":"follow","max-snippet":"max-snippet:-1","max-image-preview":"max-image-preview:large","max-video-preview":"max-video-preview:-1"},"canonical":"https:\/\/www.norprint.es\/ca\/aviso-legal\/","og_locale":"ca_ES","og_type":"article","og_title":"Aviso legal | Norprint","og_description":"En cumplimiento con lo establecido en la Ley 34\/2002 de 11 de Julio, de Servicios de la Sociedad de la Informaci\u00f3n y el Comercio Electr\u00f3nico (LSSICE), se informa de los siguientes aspectos legales: PROPIEDAD DEL SITIO WEB Responsable: NORPRINT S.L. Nombre comercial: NORPRINT N.I.F.: C.I.F. B61285367 Direcci\u00f3n: C\/ Muntaner, 279 Entres\u00f2l 3a. 08201, BARCELONA (Barcelona), [&hellip;]","og_url":"https:\/\/www.norprint.es\/ca\/aviso-legal\/","og_site_name":"Norprint","og_image":[{"width":1200,"height":900,"url":"https:\/\/www.norprint.es\/wp-content\/uploads\/2023\/01\/1-ENCUADERNACIONES-GRAPA.jpg","type":"image\/jpeg"}],"twitter_card":"summary_large_image","schema":{"@context":"https:\/\/schema.org","@graph":[{"@type":"WebPage","@id":"https:\/\/www.norprint.es\/ca\/aviso-legal\/","url":"https:\/\/www.norprint.es\/ca\/aviso-legal\/","name":"Aviso legal | Norprint","isPartOf":{"@id":"https:\/\/www.norprint.es\/#website"},"datePublished":"2023-02-06T11:48:22+00:00","dateModified":"2023-02-06T11:48:22+00:00","breadcrumb":{"@id":"https:\/\/www.norprint.es\/ca\/aviso-legal\/#breadcrumb"},"inLanguage":"ca","potentialAction":[{"@type":"ReadAction","target":["https:\/\/www.norprint.es\/ca\/aviso-legal\/"]}]},{"@type":"BreadcrumbList","@id":"https:\/\/www.norprint.es\/ca\/aviso-legal\/#breadcrumb","itemListElement":[{"@type":"ListItem","position":1,"name":"Portada","item":"https:\/\/www.norprint.es\/ca\/inici\/"},{"@type":"ListItem","position":2,"name":"Aviso legal"}]},{"@type":"WebSite","@id":"https:\/\/www.norprint.es\/#website","url":"https:\/\/www.norprint.es\/","name":"Norprint","description":"Servicios integrales de imprenta","publisher":{"@id":"https:\/\/www.norprint.es\/#organization"},"potentialAction":[{"@type":"SearchAction","target":{"@type":"EntryPoint","urlTemplate":"https:\/\/www.norprint.es\/?s={search_term_string}"},"query-input":"required name=search_term_string"}],"inLanguage":"ca"},{"@type":"Organization","@id":"https:\/\/www.norprint.es\/#organization","name":"Norprint","url":"https:\/\/www.norprint.es\/","logo":{"@type":"ImageObject","inLanguage":"ca","@id":"https:\/\/www.norprint.es\/#\/schema\/logo\/image\/","url":"https:\/\/www.norprint.es\/wp-content\/uploads\/2023\/01\/Norprint_BLACK.svg","contentUrl":"https:\/\/www.norprint.es\/wp-content\/uploads\/2023\/01\/Norprint_BLACK.svg","width":1200,"height":300,"caption":"Norprint"},"image":{"@id":"https:\/\/www.norprint.es\/#\/schema\/logo\/image\/"}}]}},"_links":{"self":[{"href":"https:\/\/www.norprint.es\/ca\/wp-json\/wp\/v2\/pages\/3635"}],"collection":[{"href":"https:\/\/www.norprint.es\/ca\/wp-json\/wp\/v2\/pages"}],"about":[{"href":"https:\/\/www.norprint.es\/ca\/wp-json\/wp\/v2\/types\/page"}],"author":[{"embeddable":true,"href":"https:\/\/www.norprint.es\/ca\/wp-json\/wp\/v2\/users\/2"}],"replies":[{"embeddable":true,"href":"https:\/\/www.norprint.es\/ca\/wp-json\/wp\/v2\/comments?post=3635"}],"version-history":[{"count":0,"href":"https:\/\/www.norprint.es\/ca\/wp-json\/wp\/v2\/pages\/3635\/revisions"}],"wp:attachment":[{"href":"https:\/\/www.norprint.es\/ca\/wp-json\/wp\/v2\/media?parent=3635"}],"curies":[{"name":"wp","href":"https:\/\/api.w.org\/{rel}","templated":true}]}}